{"id":283,"date":"2026-01-16T11:24:24","date_gmt":"2026-01-16T11:24:24","guid":{"rendered":"https:\/\/artaudpaysagiste.fr\/?page_id=283"},"modified":"2026-02-02T19:38:25","modified_gmt":"2026-02-02T19:38:25","slug":"nos-services-dentretien","status":"publish","type":"page","link":"https:\/\/artaudpaysagiste.fr\/index.php\/nos-services-dentretien\/","title":{"rendered":"Nos services d&#8217;entretien"},"content":{"rendered":"\t\t<div data-elementor-type=\"wp-page\" data-elementor-id=\"283\" class=\"elementor elementor-283\" data-elementor-post-type=\"page\">\n\t\t\t\t<div class=\"elementor-element elementor-element-90994be e-flex e-con-boxed e-con e-parent\" data-id=\"90994be\" data-element_type=\"container\" data-e-type=\"container\">\n\t\t\t\t\t<div class=\"e-con-inner\">\n\t\t<div class=\"elementor-element elementor-element-6d04942 e-con-full e-flex e-con e-child\" data-id=\"6d04942\" data-element_type=\"container\" data-e-type=\"container\">\n\t\t\t\t<div class=\"elementor-element elementor-element-342baa3 elementor-widget elementor-widget-heading\" data-id=\"342baa3\" data-element_type=\"widget\" data-e-type=\"widget\" data-widget_type=\"heading.default\">\n\t\t\t\t\t<h2 class=\"elementor-heading-title elementor-size-default\">ENTRETIEN<\/h2>\t\t\t\t<\/div>\n\t\t\t\t<div class=\"elementor-element elementor-element-04d6222 elementor-widget elementor-widget-text-editor\" data-id=\"04d6222\" data-element_type=\"widget\" data-e-type=\"widget\" data-widget_type=\"text-editor.default\">\n\t\t\t\t\t\t\t\t\t<p>Nous <strong>assurons<\/strong> l\u2019entretien r\u00e9gulier de vos <strong>espaces verts<\/strong> afin de <strong>pr\u00e9server<\/strong> leur <strong>\u00e9quilibre<\/strong>, leur <strong>esth\u00e9tique<\/strong> et leur <strong>sant\u00e9<\/strong> tout au long de l\u2019ann\u00e9e, avec des <strong>interventions<\/strong> <strong>soign\u00e9es<\/strong> et <strong>adapt\u00e9es, <\/strong>avec la possibilit\u00e9 de mettre en place des contrats annuels.<\/p>\t\t\t\t\t\t\t\t<\/div>\n\t\t\t\t<div class=\"elementor-element elementor-element-c4ef2c8 elementor-align-center elementor-widget elementor-widget-button\" data-id=\"c4ef2c8\" data-element_type=\"widget\" data-e-type=\"widget\" data-widget_type=\"button.default\">\n\t\t\t\t\t\t\t\t\t\t<a class=\"elementor-button elementor-button-link elementor-size-sm\" href=\"https:\/\/artaudpaysagiste.fr\/index.php\/contact\/\">\n\t\t\t\t\t\t<span class=\"elementor-button-content-wrapper\">\n\t\t\t\t\t\t\t\t\t<span class=\"elementor-button-text\">Demandez un devis<\/span>\n\t\t\t\t\t<\/span>\n\t\t\t\t\t<\/a>\n\t\t\t\t\t\t\t\t<\/div>\n\t\t\t\t<\/div>\n\t\t<div class=\"elementor-element elementor-element-ef37b54 e-con-full e-flex e-con e-child\" data-id=\"ef37b54\" data-element_type=\"container\" data-e-type=\"container\">\n\t\t\t\t<div class=\"elementor-element elementor-element-83c0852 elementor-widget elementor-widget-image\" data-id=\"83c0852\" data-element_type=\"widget\" data-e-type=\"widget\" data-widget_type=\"image.default\">\n\t\t\t\t\t\t\t\t\t\t\t\t\t\t\t<img fetchpriority=\"high\" decoding=\"async\" width=\"768\" height=\"768\" src=\"https:\/\/artaudpaysagiste.fr\/wp-content\/uploads\/2026\/01\/5-768x768.jpg\" class=\"attachment-medium_large size-medium_large wp-image-68\" alt=\"Am\u00e9nagement de jardin par Artaud paysagiste \u00e0 Orange\" srcset=\"https:\/\/artaudpaysagiste.fr\/wp-content\/uploads\/2026\/01\/5-768x768.jpg 768w, https:\/\/artaudpaysagiste.fr\/wp-content\/uploads\/2026\/01\/5-300x300.jpg 300w, https:\/\/artaudpaysagiste.fr\/wp-content\/uploads\/2026\/01\/5-1024x1024.jpg 1024w, https:\/\/artaudpaysagiste.fr\/wp-content\/uploads\/2026\/01\/5-150x150.jpg 150w, https:\/\/artaudpaysagiste.fr\/wp-content\/uploads\/2026\/01\/elementor\/thumbs\/5-rh9566rri2lt1asryrcenivytirdrgw6f1ckfelgk0.jpg 1000w, https:\/\/artaudpaysagiste.fr\/wp-content\/uploads\/2026\/01\/elementor\/thumbs\/5-rh9566rlesnmza03w70k34o5mtp8gotl02epoe7ceg.jpg 500w, https:\/\/artaudpaysagiste.fr\/wp-content\/uploads\/2026\/01\/5.jpg 1080w\" sizes=\"(max-width: 768px) 100vw, 768px\" \/>\t\t\t\t\t\t\t\t\t\t\t\t\t\t\t<\/div>\n\t\t\t\t<\/div>\n\t\t\t\t\t<\/div>\n\t\t\t\t<\/div>\n\t\t<div class=\"elementor-element elementor-element-b29f3f2 e-flex e-con-boxed e-con e-parent\" data-id=\"b29f3f2\" data-element_type=\"container\" data-e-type=\"container\" data-settings=\"{&quot;background_background&quot;:&quot;classic&quot;,&quot;shape_divider_top&quot;:&quot;wave-brush&quot;}\">\n\t\t\t\t\t<div class=\"e-con-inner\">\n\t\t\t\t<div class=\"elementor-shape elementor-shape-top\" aria-hidden=\"true\" data-negative=\"false\">\n\t\t\t<svg xmlns=\"http:\/\/www.w3.org\/2000\/svg\" viewBox=\"0 0 283.5 27.8\" preserveAspectRatio=\"none\">\n\t<path class=\"elementor-shape-fill\" d=\"M283.5,9.7c0,0-7.3,4.3-14,4.6c-6.8,0.3-12.6,0-20.9-1.5c-11.3-2-33.1-10.1-44.7-5.7\ts-12.1,4.6-18,7.4c-6.6,3.2-20,9.6-36.6,9.3C131.6,23.5,99.5,7.2,86.3,8c-1.4,0.1-6.6,0.8-10.5,2c-3.8,1.2-9.4,3.8-17,4.7\tc-3.2,0.4-8.3,1.1-14.2,0.9c-1.5-0.1-6.3-0.4-12-1.6c-5.7-1.2-11-3.1-15.8-3.7C6.5,9.2,0,10.8,0,10.8V0h283.5V9.7z M260.8,11.3\tc-0.7-1-2-0.4-4.3-0.4c-2.3,0-6.1-1.2-5.8-1.1c0.3,0.1,3.1,1.5,6,1.9C259.7,12.2,261.4,12.3,260.8,11.3z M242.4,8.6\tc0,0-2.4-0.2-5.6-0.9c-3.2-0.8-10.3-2.8-15.1-3.5c-8.2-1.1-15.8,0-15.1,0.1c0.8,0.1,9.6-0.6,17.6,1.1c3.3,0.7,9.3,2.2,12.4,2.7\tC239.9,8.7,242.4,8.6,242.4,8.6z M185.2,8.5c1.7-0.7-13.3,4.7-18.5,6.1c-2.1,0.6-6.2,1.6-10,2c-3.9,0.4-8.9,0.4-8.8,0.5\tc0,0.2,5.8,0.8,11.2,0c5.4-0.8,5.2-1.1,7.6-1.6C170.5,14.7,183.5,9.2,185.2,8.5z M199.1,6.9c0.2,0-0.8-0.4-4.8,1.1\tc-4,1.5-6.7,3.5-6.9,3.7c-0.2,0.1,3.5-1.8,6.6-3C197,7.5,199,6.9,199.1,6.9z M283,6c-0.1,0.1-1.9,1.1-4.8,2.5s-6.9,2.8-6.7,2.7\tc0.2,0,3.5-0.6,7.4-2.5C282.8,6.8,283.1,5.9,283,6z M31.3,11.6c0.1-0.2-1.9-0.2-4.5-1.2s-5.4-1.6-7.8-2C15,7.6,7.3,8.5,7.7,8.6\tC8,8.7,15.9,8.3,20.2,9.3c2.2,0.5,2.4,0.5,5.7,1.6S31.2,11.9,31.3,11.6z M73,9.2c0.4-0.1,3.5-1.6,8.4-2.6c4.9-1.1,8.9-0.5,8.9-0.8\tc0-0.3-1-0.9-6.2-0.3S72.6,9.3,73,9.2z M71.6,6.7C71.8,6.8,75,5.4,77.3,5c2.3-0.3,1.9-0.5,1.9-0.6c0-0.1-1.1-0.2-2.7,0.2\tC74.8,5.1,71.4,6.6,71.6,6.7z M93.6,4.4c0.1,0.2,3.5,0.8,5.6,1.8c2.1,1,1.8,0.6,1.9,0.5c0.1-0.1-0.8-0.8-2.4-1.3\tC97.1,4.8,93.5,4.2,93.6,4.4z M65.4,11.1c-0.1,0.3,0.3,0.5,1.9-0.2s2.6-1.3,2.2-1.2s-0.9,0.4-2.5,0.8C65.3,10.9,65.5,10.8,65.4,11.1\tz M34.5,12.4c-0.2,0,2.1,0.8,3.3,0.9c1.2,0.1,2,0.1,2-0.2c0-0.3-0.1-0.5-1.6-0.4C36.6,12.8,34.7,12.4,34.5,12.4z M152.2,21.1\tc-0.1,0.1-2.4-0.3-7.5-0.3c-5,0-13.6-2.4-17.2-3.5c-3.6-1.1,10,3.9,16.5,4.1C150.5,21.6,152.3,21,152.2,21.1z\"\/>\n\t<path class=\"elementor-shape-fill\" d=\"M269.6,18c-0.1-0.1-4.6,0.3-7.2,0c-7.3-0.7-17-3.2-16.6-2.9c0.4,0.3,13.7,3.1,17,3.3\tC267.7,18.8,269.7,18,269.6,18z\"\/>\n\t<path class=\"elementor-shape-fill\" d=\"M227.4,9.8c-0.2-0.1-4.5-1-9.5-1.2c-5-0.2-12.7,0.6-12.3,0.5c0.3-0.1,5.9-1.8,13.3-1.2\tS227.6,9.9,227.4,9.8z\"\/>\n\t<path class=\"elementor-shape-fill\" d=\"M204.5,13.4c-0.1-0.1,2-1,3.2-1.1c1.2-0.1,2,0,2,0.3c0,0.3-0.1,0.5-1.6,0.4\tC206.4,12.9,204.6,13.5,204.5,13.4z\"\/>\n\t<path class=\"elementor-shape-fill\" d=\"M201,10.6c0-0.1-4.4,1.2-6.3,2.2c-1.9,0.9-6.2,3.1-6.1,3.1c0.1,0.1,4.2-1.6,6.3-2.6\tS201,10.7,201,10.6z\"\/>\n\t<path class=\"elementor-shape-fill\" d=\"M154.5,26.7c-0.1-0.1-4.6,0.3-7.2,0c-7.3-0.7-17-3.2-16.6-2.9c0.4,0.3,13.7,3.1,17,3.3\tC152.6,27.5,154.6,26.8,154.5,26.7z\"\/>\n\t<path class=\"elementor-shape-fill\" d=\"M41.9,19.3c0,0,1.2-0.3,2.9-0.1c1.7,0.2,5.8,0.9,8.2,0.7c4.2-0.4,7.4-2.7,7-2.6\tc-0.4,0-4.3,2.2-8.6,1.9c-1.8-0.1-5.1-0.5-6.7-0.4S41.9,19.3,41.9,19.3z\"\/>\n\t<path class=\"elementor-shape-fill\" d=\"M75.5,12.6c0.2,0.1,2-0.8,4.3-1.1c2.3-0.2,2.1-0.3,2.1-0.5c0-0.1-1.8-0.4-3.4,0\tC76.9,11.5,75.3,12.5,75.5,12.6z\"\/>\n\t<path class=\"elementor-shape-fill\" d=\"M15.6,13.2c0-0.1,4.3,0,6.7,0.5c2.4,0.5,5,1.9,5,2c0,0.1-2.7-0.8-5.1-1.4\tC19.9,13.7,15.7,13.3,15.6,13.2z\"\/>\n<\/svg>\t\t<\/div>\n\t\t\t\t<div class=\"elementor-element elementor-element-fc1c60b elementor-widget elementor-widget-heading\" data-id=\"fc1c60b\" data-element_type=\"widget\" data-e-type=\"widget\" data-widget_type=\"heading.default\">\n\t\t\t\t\t<h2 class=\"elementor-heading-title elementor-size-default\">Nos services d'entretien<\/h2>\t\t\t\t<\/div>\n\t\t\t\t<div class=\"elementor-element elementor-element-42e7faa elementor-widget elementor-widget-text-editor\" data-id=\"42e7faa\" data-element_type=\"widget\" data-e-type=\"widget\" data-widget_type=\"text-editor.default\">\n\t\t\t\t\t\t\t\t\t<p>Un <strong>accompagnement<\/strong> global pour des <strong>ext\u00e9rieurs soign\u00e9s<\/strong> toute l\u2019ann\u00e9e.<br data-start=\"144\" data-end=\"147\" \/>Nous <strong>mettons<\/strong> \u00e0 votre <strong>disposition<\/strong> une <strong>gamme<\/strong> compl\u00e8te de <strong>prestations<\/strong> pour <strong>r\u00e9pondre<\/strong> \u00e0 l\u2019ensemble de vos <strong>attentes<\/strong> :<\/p>\t\t\t\t\t\t\t\t<\/div>\n\t\t\t\t\t<\/div>\n\t\t\t\t<\/div>\n\t\t<div class=\"elementor-element elementor-element-edae6ea e-flex e-con-boxed e-con e-parent\" data-id=\"edae6ea\" data-element_type=\"container\" data-e-type=\"container\" data-settings=\"{&quot;background_background&quot;:&quot;classic&quot;,&quot;shape_divider_bottom&quot;:&quot;wave-brush&quot;}\">\n\t\t\t\t\t<div class=\"e-con-inner\">\n\t\t\t\t<div class=\"elementor-shape elementor-shape-bottom\" aria-hidden=\"true\" data-negative=\"false\">\n\t\t\t<svg xmlns=\"http:\/\/www.w3.org\/2000\/svg\" viewBox=\"0 0 283.5 27.8\" preserveAspectRatio=\"none\">\n\t<path class=\"elementor-shape-fill\" d=\"M283.5,9.7c0,0-7.3,4.3-14,4.6c-6.8,0.3-12.6,0-20.9-1.5c-11.3-2-33.1-10.1-44.7-5.7\ts-12.1,4.6-18,7.4c-6.6,3.2-20,9.6-36.6,9.3C131.6,23.5,99.5,7.2,86.3,8c-1.4,0.1-6.6,0.8-10.5,2c-3.8,1.2-9.4,3.8-17,4.7\tc-3.2,0.4-8.3,1.1-14.2,0.9c-1.5-0.1-6.3-0.4-12-1.6c-5.7-1.2-11-3.1-15.8-3.7C6.5,9.2,0,10.8,0,10.8V0h283.5V9.7z M260.8,11.3\tc-0.7-1-2-0.4-4.3-0.4c-2.3,0-6.1-1.2-5.8-1.1c0.3,0.1,3.1,1.5,6,1.9C259.7,12.2,261.4,12.3,260.8,11.3z M242.4,8.6\tc0,0-2.4-0.2-5.6-0.9c-3.2-0.8-10.3-2.8-15.1-3.5c-8.2-1.1-15.8,0-15.1,0.1c0.8,0.1,9.6-0.6,17.6,1.1c3.3,0.7,9.3,2.2,12.4,2.7\tC239.9,8.7,242.4,8.6,242.4,8.6z M185.2,8.5c1.7-0.7-13.3,4.7-18.5,6.1c-2.1,0.6-6.2,1.6-10,2c-3.9,0.4-8.9,0.4-8.8,0.5\tc0,0.2,5.8,0.8,11.2,0c5.4-0.8,5.2-1.1,7.6-1.6C170.5,14.7,183.5,9.2,185.2,8.5z M199.1,6.9c0.2,0-0.8-0.4-4.8,1.1\tc-4,1.5-6.7,3.5-6.9,3.7c-0.2,0.1,3.5-1.8,6.6-3C197,7.5,199,6.9,199.1,6.9z M283,6c-0.1,0.1-1.9,1.1-4.8,2.5s-6.9,2.8-6.7,2.7\tc0.2,0,3.5-0.6,7.4-2.5C282.8,6.8,283.1,5.9,283,6z M31.3,11.6c0.1-0.2-1.9-0.2-4.5-1.2s-5.4-1.6-7.8-2C15,7.6,7.3,8.5,7.7,8.6\tC8,8.7,15.9,8.3,20.2,9.3c2.2,0.5,2.4,0.5,5.7,1.6S31.2,11.9,31.3,11.6z M73,9.2c0.4-0.1,3.5-1.6,8.4-2.6c4.9-1.1,8.9-0.5,8.9-0.8\tc0-0.3-1-0.9-6.2-0.3S72.6,9.3,73,9.2z M71.6,6.7C71.8,6.8,75,5.4,77.3,5c2.3-0.3,1.9-0.5,1.9-0.6c0-0.1-1.1-0.2-2.7,0.2\tC74.8,5.1,71.4,6.6,71.6,6.7z M93.6,4.4c0.1,0.2,3.5,0.8,5.6,1.8c2.1,1,1.8,0.6,1.9,0.5c0.1-0.1-0.8-0.8-2.4-1.3\tC97.1,4.8,93.5,4.2,93.6,4.4z M65.4,11.1c-0.1,0.3,0.3,0.5,1.9-0.2s2.6-1.3,2.2-1.2s-0.9,0.4-2.5,0.8C65.3,10.9,65.5,10.8,65.4,11.1\tz M34.5,12.4c-0.2,0,2.1,0.8,3.3,0.9c1.2,0.1,2,0.1,2-0.2c0-0.3-0.1-0.5-1.6-0.4C36.6,12.8,34.7,12.4,34.5,12.4z M152.2,21.1\tc-0.1,0.1-2.4-0.3-7.5-0.3c-5,0-13.6-2.4-17.2-3.5c-3.6-1.1,10,3.9,16.5,4.1C150.5,21.6,152.3,21,152.2,21.1z\"\/>\n\t<path class=\"elementor-shape-fill\" d=\"M269.6,18c-0.1-0.1-4.6,0.3-7.2,0c-7.3-0.7-17-3.2-16.6-2.9c0.4,0.3,13.7,3.1,17,3.3\tC267.7,18.8,269.7,18,269.6,18z\"\/>\n\t<path class=\"elementor-shape-fill\" d=\"M227.4,9.8c-0.2-0.1-4.5-1-9.5-1.2c-5-0.2-12.7,0.6-12.3,0.5c0.3-0.1,5.9-1.8,13.3-1.2\tS227.6,9.9,227.4,9.8z\"\/>\n\t<path class=\"elementor-shape-fill\" d=\"M204.5,13.4c-0.1-0.1,2-1,3.2-1.1c1.2-0.1,2,0,2,0.3c0,0.3-0.1,0.5-1.6,0.4\tC206.4,12.9,204.6,13.5,204.5,13.4z\"\/>\n\t<path class=\"elementor-shape-fill\" d=\"M201,10.6c0-0.1-4.4,1.2-6.3,2.2c-1.9,0.9-6.2,3.1-6.1,3.1c0.1,0.1,4.2-1.6,6.3-2.6\tS201,10.7,201,10.6z\"\/>\n\t<path class=\"elementor-shape-fill\" d=\"M154.5,26.7c-0.1-0.1-4.6,0.3-7.2,0c-7.3-0.7-17-3.2-16.6-2.9c0.4,0.3,13.7,3.1,17,3.3\tC152.6,27.5,154.6,26.8,154.5,26.7z\"\/>\n\t<path class=\"elementor-shape-fill\" d=\"M41.9,19.3c0,0,1.2-0.3,2.9-0.1c1.7,0.2,5.8,0.9,8.2,0.7c4.2-0.4,7.4-2.7,7-2.6\tc-0.4,0-4.3,2.2-8.6,1.9c-1.8-0.1-5.1-0.5-6.7-0.4S41.9,19.3,41.9,19.3z\"\/>\n\t<path class=\"elementor-shape-fill\" d=\"M75.5,12.6c0.2,0.1,2-0.8,4.3-1.1c2.3-0.2,2.1-0.3,2.1-0.5c0-0.1-1.8-0.4-3.4,0\tC76.9,11.5,75.3,12.5,75.5,12.6z\"\/>\n\t<path class=\"elementor-shape-fill\" d=\"M15.6,13.2c0-0.1,4.3,0,6.7,0.5c2.4,0.5,5,1.9,5,2c0,0.1-2.7-0.8-5.1-1.4\tC19.9,13.7,15.7,13.3,15.6,13.2z\"\/>\n<\/svg>\t\t<\/div>\n\t\t<div class=\"elementor-element elementor-element-01ad14a e-con-full e-flex e-con e-child\" data-id=\"01ad14a\" data-element_type=\"container\" data-e-type=\"container\">\n\t\t\t\t<div class=\"elementor-element elementor-element-da7c765 elementor-widget elementor-widget-image\" data-id=\"da7c765\" data-element_type=\"widget\" data-e-type=\"widget\" data-widget_type=\"image.default\">\n\t\t\t\t\t\t\t\t\t\t\t\t\t\t\t<img decoding=\"async\" width=\"576\" height=\"1024\" src=\"https:\/\/artaudpaysagiste.fr\/wp-content\/uploads\/2026\/01\/IMG_6475-2-576x1024.jpg\" class=\"attachment-large size-large wp-image-206\" alt=\"\" srcset=\"https:\/\/artaudpaysagiste.fr\/wp-content\/uploads\/2026\/01\/IMG_6475-2-576x1024.jpg 576w, https:\/\/artaudpaysagiste.fr\/wp-content\/uploads\/2026\/01\/IMG_6475-2-169x300.jpg 169w, https:\/\/artaudpaysagiste.fr\/wp-content\/uploads\/2026\/01\/IMG_6475-2-768x1365.jpg 768w, https:\/\/artaudpaysagiste.fr\/wp-content\/uploads\/2026\/01\/IMG_6475-2-864x1536.jpg 864w, https:\/\/artaudpaysagiste.fr\/wp-content\/uploads\/2026\/01\/IMG_6475-2-1152x2048.jpg 1152w, https:\/\/artaudpaysagiste.fr\/wp-content\/uploads\/2026\/01\/IMG_6475-2-scaled.jpg 1440w\" sizes=\"(max-width: 576px) 100vw, 576px\" \/>\t\t\t\t\t\t\t\t\t\t\t\t\t\t\t<\/div>\n\t\t\t\t<div class=\"elementor-element elementor-element-f8416c3 elementor-widget elementor-widget-heading\" data-id=\"f8416c3\" data-element_type=\"widget\" data-e-type=\"widget\" data-widget_type=\"heading.default\">\n\t\t\t\t\t<h2 class=\"elementor-heading-title elementor-size-default\">Tonte de pelouse<\/h2>\t\t\t\t<\/div>\n\t\t\t\t<div class=\"elementor-element elementor-element-efbfa16 elementor-widget elementor-widget-text-editor\" data-id=\"efbfa16\" data-element_type=\"widget\" data-e-type=\"widget\" data-widget_type=\"text-editor.default\">\n\t\t\t\t\t\t\t\t\t<p data-start=\"86\" data-end=\"179\">Une tonte soign\u00e9e et ma\u00eetris\u00e9e pour une pelouse dense, r\u00e9guli\u00e8re et \u00e9clatante de verdure.<\/p>\t\t\t\t\t\t\t\t<\/div>\n\t\t\t\t<\/div>\n\t\t<div class=\"elementor-element elementor-element-66c6117 e-con-full e-flex e-con e-child\" data-id=\"66c6117\" data-element_type=\"container\" data-e-type=\"container\">\n\t\t\t\t<div class=\"elementor-element elementor-element-797261d elementor-widget elementor-widget-image\" data-id=\"797261d\" data-element_type=\"widget\" data-e-type=\"widget\" data-widget_type=\"image.default\">\n\t\t\t\t\t\t\t\t\t\t\t\t\t\t\t<img decoding=\"async\" width=\"576\" height=\"1024\" src=\"https:\/\/artaudpaysagiste.fr\/wp-content\/uploads\/2026\/01\/IMG_7600-2-576x1024.jpg\" class=\"attachment-large size-large wp-image-207\" alt=\"\" srcset=\"https:\/\/artaudpaysagiste.fr\/wp-content\/uploads\/2026\/01\/IMG_7600-2-576x1024.jpg 576w, https:\/\/artaudpaysagiste.fr\/wp-content\/uploads\/2026\/01\/IMG_7600-2-169x300.jpg 169w, https:\/\/artaudpaysagiste.fr\/wp-content\/uploads\/2026\/01\/IMG_7600-2-768x1365.jpg 768w, https:\/\/artaudpaysagiste.fr\/wp-content\/uploads\/2026\/01\/IMG_7600-2-864x1536.jpg 864w, https:\/\/artaudpaysagiste.fr\/wp-content\/uploads\/2026\/01\/IMG_7600-2-1152x2048.jpg 1152w, https:\/\/artaudpaysagiste.fr\/wp-content\/uploads\/2026\/01\/IMG_7600-2-scaled.jpg 1440w\" sizes=\"(max-width: 576px) 100vw, 576px\" \/>\t\t\t\t\t\t\t\t\t\t\t\t\t\t\t<\/div>\n\t\t\t\t<div class=\"elementor-element elementor-element-9be9542 elementor-widget elementor-widget-heading\" data-id=\"9be9542\" data-element_type=\"widget\" data-e-type=\"widget\" data-widget_type=\"heading.default\">\n\t\t\t\t\t<h2 class=\"elementor-heading-title elementor-size-default\">Taille de haies\/arbustes<\/h2>\t\t\t\t<\/div>\n\t\t\t\t<div class=\"elementor-element elementor-element-90dc8ed elementor-widget elementor-widget-text-editor\" data-id=\"90dc8ed\" data-element_type=\"widget\" data-e-type=\"widget\" data-widget_type=\"text-editor.default\">\n\t\t\t\t\t\t\t\t\t<p>Des lignes \u00e9quilibr\u00e9es et une v\u00e9g\u00e9tation entretenue avec soin pour un ext\u00e9rieur harmonieux et \u00e9l\u00e9gant.<\/p>\t\t\t\t\t\t\t\t<\/div>\n\t\t\t\t<\/div>\n\t\t<div class=\"elementor-element elementor-element-c391378 e-con-full e-flex e-con e-child\" data-id=\"c391378\" data-element_type=\"container\" data-e-type=\"container\">\n\t\t\t\t<div class=\"elementor-element elementor-element-d514120 elementor-widget elementor-widget-image\" data-id=\"d514120\" data-element_type=\"widget\" data-e-type=\"widget\" data-widget_type=\"image.default\">\n\t\t\t\t\t\t\t\t\t\t\t\t\t\t\t<img loading=\"lazy\" decoding=\"async\" width=\"588\" height=\"1024\" src=\"https:\/\/artaudpaysagiste.fr\/wp-content\/uploads\/2026\/01\/IMG_0943-588x1024.jpg\" class=\"attachment-large size-large wp-image-209\" alt=\"\" srcset=\"https:\/\/artaudpaysagiste.fr\/wp-content\/uploads\/2026\/01\/IMG_0943-588x1024.jpg 588w, https:\/\/artaudpaysagiste.fr\/wp-content\/uploads\/2026\/01\/IMG_0943-172x300.jpg 172w, https:\/\/artaudpaysagiste.fr\/wp-content\/uploads\/2026\/01\/IMG_0943-768x1337.jpg 768w, https:\/\/artaudpaysagiste.fr\/wp-content\/uploads\/2026\/01\/IMG_0943-882x1536.jpg 882w, https:\/\/artaudpaysagiste.fr\/wp-content\/uploads\/2026\/01\/IMG_0943-1176x2048.jpg 1176w, https:\/\/artaudpaysagiste.fr\/wp-content\/uploads\/2026\/01\/IMG_0943.jpg 1318w\" sizes=\"(max-width: 588px) 100vw, 588px\" \/>\t\t\t\t\t\t\t\t\t\t\t\t\t\t\t<\/div>\n\t\t\t\t<div class=\"elementor-element elementor-element-3d983dc elementor-widget elementor-widget-heading\" data-id=\"3d983dc\" data-element_type=\"widget\" data-e-type=\"widget\" data-widget_type=\"heading.default\">\n\t\t\t\t\t<h2 class=\"elementor-heading-title elementor-size-default\">D\u00e9brouissallage<\/h2>\t\t\t\t<\/div>\n\t\t\t\t<div class=\"elementor-element elementor-element-1842ced elementor-widget elementor-widget-text-editor\" data-id=\"1842ced\" data-element_type=\"widget\" data-e-type=\"widget\" data-widget_type=\"text-editor.default\">\n\t\t\t\t\t\t\t\t\t<p>Un ext\u00e9rieur net et ma\u00eetris\u00e9, d\u00e9barrass\u00e9 des mauvaises herbes pour une finition soign\u00e9e et durable.<\/p>\t\t\t\t\t\t\t\t<\/div>\n\t\t\t\t<\/div>\n\t\t<div class=\"elementor-element elementor-element-204639d e-con-full e-flex e-con e-child\" data-id=\"204639d\" data-element_type=\"container\" data-e-type=\"container\">\n\t\t\t\t<div class=\"elementor-element elementor-element-6f3dc1a elementor-widget elementor-widget-image\" data-id=\"6f3dc1a\" data-element_type=\"widget\" data-e-type=\"widget\" data-widget_type=\"image.default\">\n\t\t\t\t\t\t\t\t\t\t\t\t\t\t\t<img loading=\"lazy\" decoding=\"async\" width=\"576\" height=\"1024\" src=\"https:\/\/artaudpaysagiste.fr\/wp-content\/uploads\/2026\/01\/IMG_0720-2-576x1024.jpg\" class=\"attachment-large size-large wp-image-210\" alt=\"\" srcset=\"https:\/\/artaudpaysagiste.fr\/wp-content\/uploads\/2026\/01\/IMG_0720-2-576x1024.jpg 576w, https:\/\/artaudpaysagiste.fr\/wp-content\/uploads\/2026\/01\/IMG_0720-2-169x300.jpg 169w, https:\/\/artaudpaysagiste.fr\/wp-content\/uploads\/2026\/01\/IMG_0720-2-768x1365.jpg 768w, https:\/\/artaudpaysagiste.fr\/wp-content\/uploads\/2026\/01\/IMG_0720-2-864x1536.jpg 864w, https:\/\/artaudpaysagiste.fr\/wp-content\/uploads\/2026\/01\/IMG_0720-2-1152x2048.jpg 1152w, https:\/\/artaudpaysagiste.fr\/wp-content\/uploads\/2026\/01\/IMG_0720-2-scaled.jpg 1440w\" sizes=\"(max-width: 576px) 100vw, 576px\" \/>\t\t\t\t\t\t\t\t\t\t\t\t\t\t\t<\/div>\n\t\t\t\t<div class=\"elementor-element elementor-element-968445c elementor-widget elementor-widget-heading\" data-id=\"968445c\" data-element_type=\"widget\" data-e-type=\"widget\" data-widget_type=\"heading.default\">\n\t\t\t\t\t<h2 class=\"elementor-heading-title elementor-size-default\">\u00c9lagage<\/h2>\t\t\t\t<\/div>\n\t\t\t\t<div class=\"elementor-element elementor-element-7df270a elementor-widget elementor-widget-text-editor\" data-id=\"7df270a\" data-element_type=\"widget\" data-e-type=\"widget\" data-widget_type=\"text-editor.default\">\n\t\t\t\t\t\t\t\t\t<p>Un \u00e9lagage ma\u00eetris\u00e9 pour des arbres en bonne sant\u00e9 et parfaitement \u00e9quilibr\u00e9s<\/p>\t\t\t\t\t\t\t\t<\/div>\n\t\t\t\t<\/div>\n\t\t<div class=\"elementor-element elementor-element-5bee25d e-con-full e-flex e-con e-child\" data-id=\"5bee25d\" data-element_type=\"container\" data-e-type=\"container\">\n\t\t\t\t<div class=\"elementor-element elementor-element-c9be0db elementor-widget elementor-widget-image\" data-id=\"c9be0db\" data-element_type=\"widget\" data-e-type=\"widget\" data-widget_type=\"image.default\">\n\t\t\t\t\t\t\t\t\t\t\t\t\t\t\t<img loading=\"lazy\" decoding=\"async\" width=\"724\" height=\"1024\" src=\"https:\/\/artaudpaysagiste.fr\/wp-content\/uploads\/2026\/02\/jardinier-724x1024.png\" class=\"attachment-large size-large wp-image-448\" alt=\"\" srcset=\"https:\/\/artaudpaysagiste.fr\/wp-content\/uploads\/2026\/02\/jardinier-724x1024.png 724w, https:\/\/artaudpaysagiste.fr\/wp-content\/uploads\/2026\/02\/jardinier-212x300.png 212w, https:\/\/artaudpaysagiste.fr\/wp-content\/uploads\/2026\/02\/jardinier-768x1086.png 768w, https:\/\/artaudpaysagiste.fr\/wp-content\/uploads\/2026\/02\/jardinier-1086x1536.png 1086w, https:\/\/artaudpaysagiste.fr\/wp-content\/uploads\/2026\/02\/jardinier.png 1414w\" sizes=\"(max-width: 724px) 100vw, 724px\" \/>\t\t\t\t\t\t\t\t\t\t\t\t\t\t\t<\/div>\n\t\t\t\t<div class=\"elementor-element elementor-element-89bbd5b elementor-widget elementor-widget-heading\" data-id=\"89bbd5b\" data-element_type=\"widget\" data-e-type=\"widget\" data-widget_type=\"heading.default\">\n\t\t\t\t\t<h2 class=\"elementor-heading-title elementor-size-default\">Cr\u00e9dit d'Imp\u00f4t<\/h2>\t\t\t\t<\/div>\n\t\t\t\t<div class=\"elementor-element elementor-element-8689adb elementor-widget elementor-widget-text-editor\" data-id=\"8689adb\" data-element_type=\"widget\" data-e-type=\"widget\" data-widget_type=\"text-editor.default\">\n\t\t\t\t\t\t\t\t\t<p>Offrez \u00e0 votre jardin l&#8217;expertise de professionnels qualifi\u00e9s et b\u00e9n\u00e9ficiez de 50% de cr\u00e9dit d&#8217;imp\u00f4t ou d&#8217;avance imm\u00e9diate.<\/p>\t\t\t\t\t\t\t\t<\/div>\n\t\t\t\t<\/div>\n\t\t<div class=\"elementor-element elementor-element-258f37a e-con-full e-flex e-con e-child\" data-id=\"258f37a\" data-element_type=\"container\" data-e-type=\"container\">\n\t\t\t\t<div class=\"elementor-element elementor-element-2e764a8 elementor-widget elementor-widget-image\" data-id=\"2e764a8\" data-element_type=\"widget\" data-e-type=\"widget\" data-widget_type=\"image.default\">\n\t\t\t\t\t\t\t\t\t\t\t\t\t\t\t<img loading=\"lazy\" decoding=\"async\" width=\"638\" height=\"872\" src=\"https:\/\/artaudpaysagiste.fr\/wp-content\/uploads\/2026\/02\/Capture-decran-2026-02-02-a-20.36.27.png\" class=\"attachment-large size-large wp-image-469\" alt=\"\" srcset=\"https:\/\/artaudpaysagiste.fr\/wp-content\/uploads\/2026\/02\/Capture-decran-2026-02-02-a-20.36.27.png 638w, https:\/\/artaudpaysagiste.fr\/wp-content\/uploads\/2026\/02\/Capture-decran-2026-02-02-a-20.36.27-219x300.png 219w\" sizes=\"(max-width: 638px) 100vw, 638px\" \/>\t\t\t\t\t\t\t\t\t\t\t\t\t\t\t<\/div>\n\t\t\t\t<div class=\"elementor-element elementor-element-e1f2d45 elementor-widget elementor-widget-heading\" data-id=\"e1f2d45\" data-element_type=\"widget\" data-e-type=\"widget\" data-widget_type=\"heading.default\">\n\t\t\t\t\t<h2 class=\"elementor-heading-title elementor-size-default\">Contrat Annuel<\/h2>\t\t\t\t<\/div>\n\t\t\t\t<div class=\"elementor-element elementor-element-dc37268 elementor-widget elementor-widget-text-editor\" data-id=\"dc37268\" data-element_type=\"widget\" data-e-type=\"widget\" data-widget_type=\"text-editor.default\">\n\t\t\t\t\t\t\t\t\t<p>Mise en place de contrats annuels d\u2019entretien pour h\u00f4tels, lotissements, r\u00e9sidences et particuliers.<\/p>\t\t\t\t\t\t\t\t<\/div>\n\t\t\t\t<\/div>\n\t\t\t\t\t<\/div>\n\t\t\t\t<\/div>\n\t\t\t\t<\/div>\n\t\t","protected":false},"excerpt":{"rendered":"<p>ENTRETIEN Nous assurons l\u2019entretien r\u00e9gulier de vos espaces verts afin de pr\u00e9server leur \u00e9quilibre, leur esth\u00e9tique et leur sant\u00e9 tout au long de l\u2019ann\u00e9e, avec des interventions soign\u00e9es et adapt\u00e9es, avec la possibilit\u00e9 de mettre en place des contrats annuels. Demandez un devis Nos services d&#8217;entretien Un accompagnement global pour des ext\u00e9rieurs soign\u00e9s toute l\u2019ann\u00e9e.Nous [&hellip;]<\/p>\n","protected":false},"author":1,"featured_media":0,"parent":0,"menu_order":0,"comment_status":"closed","ping_status":"closed","template":"","meta":{"footnotes":""},"class_list":["post-283","page","type-page","status-publish","hentry"],"_links":{"self":[{"href":"https:\/\/artaudpaysagiste.fr\/index.php\/wp-json\/wp\/v2\/pages\/283","targetHints":{"allow":["GET"]}}],"collection":[{"href":"https:\/\/artaudpaysagiste.fr\/index.php\/wp-json\/wp\/v2\/pages"}],"about":[{"href":"https:\/\/artaudpaysagiste.fr\/index.php\/wp-json\/wp\/v2\/types\/page"}],"author":[{"embeddable":true,"href":"https:\/\/artaudpaysagiste.fr\/index.php\/wp-json\/wp\/v2\/users\/1"}],"replies":[{"embeddable":true,"href":"https:\/\/artaudpaysagiste.fr\/index.php\/wp-json\/wp\/v2\/comments?post=283"}],"version-history":[{"count":28,"href":"https:\/\/artaudpaysagiste.fr\/index.php\/wp-json\/wp\/v2\/pages\/283\/revisions"}],"predecessor-version":[{"id":472,"href":"https:\/\/artaudpaysagiste.fr\/index.php\/wp-json\/wp\/v2\/pages\/283\/revisions\/472"}],"wp:attachment":[{"href":"https:\/\/artaudpaysagiste.fr\/index.php\/wp-json\/wp\/v2\/media?parent=283"}],"curies":[{"name":"wp","href":"https:\/\/api.w.org\/{rel}","templated":true}]}}