{"id":30,"date":"2025-12-23T17:58:09","date_gmt":"2025-12-23T17:58:09","guid":{"rendered":"https:\/\/artaudpaysagiste.fr\/?page_id=30"},"modified":"2026-02-25T11:48:43","modified_gmt":"2026-02-25T11:48:43","slug":"nos-prestations","status":"publish","type":"page","link":"https:\/\/artaudpaysagiste.fr\/index.php\/nos-prestations\/","title":{"rendered":"Nos Prestations"},"content":{"rendered":"\t\t<div data-elementor-type=\"wp-page\" data-elementor-id=\"30\" class=\"elementor elementor-30\" data-elementor-post-type=\"page\">\n\t\t\t\t<div class=\"elementor-element elementor-element-f62d320 e-flex e-con-boxed e-con e-parent\" data-id=\"f62d320\" data-element_type=\"container\" data-e-type=\"container\" data-settings=\"{&quot;background_background&quot;:&quot;classic&quot;,&quot;shape_divider_top&quot;:&quot;mountains&quot;}\">\n\t\t\t\t\t<div class=\"e-con-inner\">\n\t\t\t\t<div class=\"elementor-shape elementor-shape-top\" aria-hidden=\"true\" data-negative=\"false\">\n\t\t\t<svg xmlns=\"http:\/\/www.w3.org\/2000\/svg\" viewBox=\"0 0 1000 100\" preserveAspectRatio=\"none\">\n\t<path class=\"elementor-shape-fill\" opacity=\"0.33\" d=\"M473,67.3c-203.9,88.3-263.1-34-320.3,0C66,119.1,0,59.7,0,59.7V0h1000v59.7 c0,0-62.1,26.1-94.9,29.3c-32.8,3.3-62.8-12.3-75.8-22.1C806,49.6,745.3,8.7,694.9,4.7S492.4,59,473,67.3z\"\/>\n\t<path class=\"elementor-shape-fill\" opacity=\"0.66\" d=\"M734,67.3c-45.5,0-77.2-23.2-129.1-39.1c-28.6-8.7-150.3-10.1-254,39.1 s-91.7-34.4-149.2,0C115.7,118.3,0,39.8,0,39.8V0h1000v36.5c0,0-28.2-18.5-92.1-18.5C810.2,18.1,775.7,67.3,734,67.3z\"\/>\n\t<path class=\"elementor-shape-fill\" d=\"M766.1,28.9c-200-57.5-266,65.5-395.1,19.5C242,1.8,242,5.4,184.8,20.6C128,35.8,132.3,44.9,89.9,52.5C28.6,63.7,0,0,0,0 h1000c0,0-9.9,40.9-83.6,48.1S829.6,47,766.1,28.9z\"\/>\n<\/svg>\t\t<\/div>\n\t\t<div class=\"elementor-element elementor-element-65c1c52 e-con-full e-flex e-con e-child\" data-id=\"65c1c52\" data-element_type=\"container\" data-e-type=\"container\">\n\t\t\t\t<div class=\"elementor-element elementor-element-6b4c2e9 elementor-position-top elementor-widget elementor-widget-image-box\" data-id=\"6b4c2e9\" data-element_type=\"widget\" data-e-type=\"widget\" data-widget_type=\"image-box.default\">\n\t\t\t\t\t<div class=\"elementor-image-box-wrapper\"><figure class=\"elementor-image-box-img\"><a href=\"https:\/\/artaudpaysagiste.fr\/index.php\/elementor-238\/\" tabindex=\"-1\"><img fetchpriority=\"high\" decoding=\"async\" width=\"1080\" height=\"1080\" src=\"https:\/\/artaudpaysagiste.fr\/wp-content\/uploads\/2026\/01\/2.jpg\" class=\"attachment-full size-full wp-image-65\" alt=\"Am\u00e9nagement de jardin par Artaud paysagiste \u00e0 Orange\" srcset=\"https:\/\/artaudpaysagiste.fr\/wp-content\/uploads\/2026\/01\/2.jpg 1080w, https:\/\/artaudpaysagiste.fr\/wp-content\/uploads\/2026\/01\/2-300x300.jpg 300w, https:\/\/artaudpaysagiste.fr\/wp-content\/uploads\/2026\/01\/2-1024x1024.jpg 1024w, https:\/\/artaudpaysagiste.fr\/wp-content\/uploads\/2026\/01\/2-150x150.jpg 150w, https:\/\/artaudpaysagiste.fr\/wp-content\/uploads\/2026\/01\/2-768x768.jpg 768w\" sizes=\"(max-width: 1080px) 100vw, 1080px\" \/><\/a><\/figure><div class=\"elementor-image-box-content\"><h3 class=\"elementor-image-box-title\"><a href=\"https:\/\/artaudpaysagiste.fr\/index.php\/elementor-238\/\">CR\u00c9ATION<\/a><\/h3><p class=\"elementor-image-box-description\">De l\u2019id\u00e9e \u00e0 la mise en \u0153uvre, nous imaginons et r\u00e9alisons des espaces ext\u00e9rieurs sur mesure, pens\u00e9s pour s\u2019int\u00e9grer harmonieusement \u00e0 votre cadre de vie et r\u00e9pondre \u00e0 vos attentes et aux contraintes environnementales.\n<\/p><\/div><\/div>\t\t\t\t<\/div>\n\t\t\t\t<\/div>\n\t\t<div class=\"elementor-element elementor-element-4d6806c e-con-full e-flex e-con e-child\" data-id=\"4d6806c\" data-element_type=\"container\" data-e-type=\"container\">\n\t\t\t\t<div class=\"elementor-element elementor-element-ec54172 elementor-position-top elementor-widget elementor-widget-image-box\" data-id=\"ec54172\" data-element_type=\"widget\" data-e-type=\"widget\" data-widget_type=\"image-box.default\">\n\t\t\t\t\t<div class=\"elementor-image-box-wrapper\"><figure class=\"elementor-image-box-img\"><a href=\"https:\/\/artaudpaysagiste.fr\/index.php\/nos-services-dentretien\/\" tabindex=\"-1\"><img decoding=\"async\" width=\"1080\" height=\"1080\" src=\"https:\/\/artaudpaysagiste.fr\/wp-content\/uploads\/2026\/01\/5.jpg\" class=\"attachment-full size-full wp-image-68\" alt=\"Am\u00e9nagement de jardin par Artaud paysagiste \u00e0 Orange\" srcset=\"https:\/\/artaudpaysagiste.fr\/wp-content\/uploads\/2026\/01\/5.jpg 1080w, https:\/\/artaudpaysagiste.fr\/wp-content\/uploads\/2026\/01\/5-300x300.jpg 300w, https:\/\/artaudpaysagiste.fr\/wp-content\/uploads\/2026\/01\/5-1024x1024.jpg 1024w, https:\/\/artaudpaysagiste.fr\/wp-content\/uploads\/2026\/01\/5-150x150.jpg 150w, https:\/\/artaudpaysagiste.fr\/wp-content\/uploads\/2026\/01\/5-768x768.jpg 768w, https:\/\/artaudpaysagiste.fr\/wp-content\/uploads\/2026\/01\/elementor\/thumbs\/5-rh9566rri2lt1asryrcenivytirdrgw6f1ckfelgk0.jpg 1000w, https:\/\/artaudpaysagiste.fr\/wp-content\/uploads\/2026\/01\/elementor\/thumbs\/5-rh9566rlesnmza03w70k34o5mtp8gotl02epoe7ceg.jpg 500w\" sizes=\"(max-width: 1080px) 100vw, 1080px\" \/><\/a><\/figure><div class=\"elementor-image-box-content\"><h3 class=\"elementor-image-box-title\"><a href=\"https:\/\/artaudpaysagiste.fr\/index.php\/nos-services-dentretien\/\">ENTRETIEN<\/a><\/h3><p class=\"elementor-image-box-description\">Nous assurons l\u2019entretien r\u00e9gulier de vos espaces verts afin de pr\u00e9server leur \u00e9quilibre, leur esth\u00e9tique et leur sant\u00e9 tout au long de l\u2019ann\u00e9e, avec des interventions soign\u00e9es et adapt\u00e9es.\n<\/p><\/div><\/div>\t\t\t\t<\/div>\n\t\t\t\t<\/div>\n\t\t\t\t\t<\/div>\n\t\t\t\t<\/div>\n\t\t\t\t<\/div>\n\t\t","protected":false},"excerpt":{"rendered":"<p>CR\u00c9ATION De l\u2019id\u00e9e \u00e0 la mise en \u0153uvre, nous imaginons et r\u00e9alisons des espaces ext\u00e9rieurs sur mesure, pens\u00e9s pour s\u2019int\u00e9grer harmonieusement \u00e0 votre cadre de vie et r\u00e9pondre \u00e0 vos attentes et aux contraintes environnementales. ENTRETIEN Nous assurons l\u2019entretien r\u00e9gulier de vos espaces verts afin de pr\u00e9server leur \u00e9quilibre, leur esth\u00e9tique et leur sant\u00e9 tout [&hellip;]<\/p>\n","protected":false},"author":1,"featured_media":0,"parent":0,"menu_order":0,"comment_status":"closed","ping_status":"closed","template":"elementor_header_footer","meta":{"footnotes":""},"class_list":["post-30","page","type-page","status-publish","hentry"],"_links":{"self":[{"href":"https:\/\/artaudpaysagiste.fr\/index.php\/wp-json\/wp\/v2\/pages\/30","targetHints":{"allow":["GET"]}}],"collection":[{"href":"https:\/\/artaudpaysagiste.fr\/index.php\/wp-json\/wp\/v2\/pages"}],"about":[{"href":"https:\/\/artaudpaysagiste.fr\/index.php\/wp-json\/wp\/v2\/types\/page"}],"author":[{"embeddable":true,"href":"https:\/\/artaudpaysagiste.fr\/index.php\/wp-json\/wp\/v2\/users\/1"}],"replies":[{"embeddable":true,"href":"https:\/\/artaudpaysagiste.fr\/index.php\/wp-json\/wp\/v2\/comments?post=30"}],"version-history":[{"count":53,"href":"https:\/\/artaudpaysagiste.fr\/index.php\/wp-json\/wp\/v2\/pages\/30\/revisions"}],"predecessor-version":[{"id":536,"href":"https:\/\/artaudpaysagiste.fr\/index.php\/wp-json\/wp\/v2\/pages\/30\/revisions\/536"}],"wp:attachment":[{"href":"https:\/\/artaudpaysagiste.fr\/index.php\/wp-json\/wp\/v2\/media?parent=30"}],"curies":[{"name":"wp","href":"https:\/\/api.w.org\/{rel}","templated":true}]}}