{"id":397,"date":"2026-01-17T11:07:43","date_gmt":"2026-01-17T11:07:43","guid":{"rendered":"https:\/\/artaudpaysagiste.fr\/?page_id=397"},"modified":"2026-01-17T11:14:13","modified_gmt":"2026-01-17T11:14:13","slug":"mentions-legales","status":"publish","type":"page","link":"https:\/\/artaudpaysagiste.fr\/index.php\/mentions-legales\/","title":{"rendered":"Mentions L\u00e9gales"},"content":{"rendered":"\t\t<div data-elementor-type=\"wp-page\" data-elementor-id=\"397\" class=\"elementor elementor-397\" data-elementor-post-type=\"page\">\n\t\t\t\t<div class=\"elementor-element elementor-element-f2dde18 e-flex e-con-boxed e-con e-parent\" data-id=\"f2dde18\" data-element_type=\"container\" data-e-type=\"container\">\n\t\t\t\t\t<div class=\"e-con-inner\">\n\t\t\t\t<div class=\"elementor-element elementor-element-7a87925 elementor-widget elementor-widget-text-editor\" data-id=\"7a87925\" data-element_type=\"widget\" data-e-type=\"widget\" data-widget_type=\"text-editor.default\">\n\t\t\t\t\t\t\t\t\t<h3 data-path-to-node=\"3\">MENTIONS L\u00c9GALES<\/h3><p data-path-to-node=\"4\"><b data-path-to-node=\"4\" data-index-in-node=\"0\">1. \u00c9dition du site<\/b><\/p><p data-path-to-node=\"5\">En vertu de l&#8217;article 6 de la loi n\u00b0 2004-575 du 21 juin 2004 pour la confiance dans l&#8217;\u00e9conomie num\u00e9rique, il est pr\u00e9cis\u00e9 aux utilisateurs du site internet <b data-path-to-node=\"5\" data-index-in-node=\"156\"><a class=\"ng-star-inserted\" href=\"https:\/\/www.google.com\/search?q=https:\/\/artaudpaysagiste.fr\" target=\"_blank\" rel=\"noopener\" data-hveid=\"0\" data-ved=\"0CAAQ_4QMahgKEwimnNzhrpKSAxUAAAAAHQAAAAAQqAM\">https:\/\/artaudpaysagiste.fr<\/a><\/b> l&#8217;identit\u00e9 des diff\u00e9rents intervenants dans le cadre de sa r\u00e9alisation et de son suivi :<\/p><p data-path-to-node=\"6\"><b data-path-to-node=\"6\" data-index-in-node=\"0\">Propri\u00e9taire du site :<\/b> <b data-path-to-node=\"6\" data-index-in-node=\"23\">Artaud Cl\u00e9ment<\/b> Adresse : <b data-path-to-node=\"6\" data-index-in-node=\"77\">598 route de chateauneuf 84100 Orange<\/b> Contact : <b data-path-to-node=\"6\" data-index-in-node=\"130\">contact@artaudclement.fr<\/b> &#8211; T\u00e9l\u00e9phone : <b data-path-to-node=\"6\" data-index-in-node=\"169\">0623490847<\/b><\/p><p data-path-to-node=\"7\"><b data-path-to-node=\"7\" data-index-in-node=\"0\">Identification de l&#8217;entreprise :<\/b> <b data-path-to-node=\"7\" data-index-in-node=\"33\">\u00a0Entrepreneur Individuel<\/b> au capital social de &#8220;non-applicable&#8221; SIREN : <b data-path-to-node=\"7\" data-index-in-node=\"195\">917687113<\/b> RCS : <b data-path-to-node=\"7\" data-index-in-node=\"229\">Greffe d&#8217;Avignon<\/b>\u00a0<\/p><p data-path-to-node=\"8\"><b data-path-to-node=\"8\" data-index-in-node=\"0\">Directeur de la publication :<\/b> <b data-path-to-node=\"8\" data-index-in-node=\"30\">Artaud Cl\u00e9ment<\/b> &#8211; Contact : <b data-path-to-node=\"8\" data-index-in-node=\"68\">contact@artaudclement.fr<\/b>.<\/p><p data-path-to-node=\"9\"><b data-path-to-node=\"9\" data-index-in-node=\"0\">H\u00e9bergeur :<\/b> OVH SAS 2 rue Kellermann &#8211; 59100 Roubaix &#8211; France T\u00e9l\u00e9phone : 1007<\/p><p data-path-to-node=\"10\"><b data-path-to-node=\"10\" data-index-in-node=\"0\">D\u00e9l\u00e9gu\u00e9 \u00e0 la protection des donn\u00e9es (DPO) :<\/b>\u00a0<b>Artaud Cl\u00e9ment<\/b>\u00a0&#8211; <b data-path-to-node=\"10\" data-index-in-node=\"69\">contact@artaudclement.fr<\/b><\/p><p data-path-to-node=\"11\"><b data-path-to-node=\"11\" data-index-in-node=\"0\">2. Propri\u00e9t\u00e9 intellectuelle et contrefa\u00e7ons<\/b><\/p><p data-path-to-node=\"12\"><b data-path-to-node=\"12\" data-index-in-node=\"0\">Artaud Cl\u00e9ment<\/b>\u00a0est propri\u00e9taire des droits de propri\u00e9t\u00e9 intellectuelle et d\u00e9tient les droits d\u2019usage sur tous les \u00e9l\u00e9ments accessibles sur le site internet, notamment les textes, images, graphismes, logos, vid\u00e9os, architecture, ic\u00f4nes et sons.<\/p><p data-path-to-node=\"13\">Toute reproduction, repr\u00e9sentation, modification, publication, adaptation de tout ou partie des \u00e9l\u00e9ments du site, quel que soit le moyen ou le proc\u00e9d\u00e9 utilis\u00e9, est interdite, sauf autorisation \u00e9crite pr\u00e9alable de <b data-path-to-node=\"13\" data-index-in-node=\"213\">Artaud Cl\u00e9ment<\/b>.<\/p><p data-path-to-node=\"14\">Toute exploitation non autoris\u00e9e du site ou de l\u2019un quelconque des \u00e9l\u00e9ments qu\u2019il contient sera consid\u00e9r\u00e9e comme constitutive d\u2019une contrefa\u00e7on et poursuivie conform\u00e9ment aux dispositions des articles L.335-2 et suivants du Code de Propri\u00e9t\u00e9 Intellectuelle.<\/p><p data-path-to-node=\"15\"><b data-path-to-node=\"15\" data-index-in-node=\"0\">3. Limitations de responsabilit\u00e9<\/b><\/p><p data-path-to-node=\"16\"><b>Artaud Cl\u00e9ment <\/b>ne pourra \u00eatre tenu pour responsable des dommages directs et indirects caus\u00e9s au mat\u00e9riel de l\u2019utilisateur, lors de l\u2019acc\u00e8s au site <b data-path-to-node=\"16\" data-index-in-node=\"156\"><a class=\"ng-star-inserted\" href=\"https:\/\/www.google.com\/search?q=https:\/\/artaudpaysagiste.fr\" target=\"_blank\" rel=\"noopener\" data-hveid=\"0\" data-ved=\"0CAAQ_4QMahgKEwimnNzhrpKSAxUAAAAAHQAAAAAQqQM\">https:\/\/artaudpaysagiste.fr<\/a><\/b>.<\/p><p data-path-to-node=\"17\"><b>Artaud Cl\u00e9ment <\/b>d\u00e9cline toute responsabilit\u00e9 quant \u00e0 l\u2019utilisation qui pourrait \u00eatre faite des informations et contenus pr\u00e9sents sur <b data-path-to-node=\"17\" data-index-in-node=\"141\"><a class=\"ng-star-inserted\" href=\"https:\/\/www.google.com\/search?q=https:\/\/artaudpaysagiste.fr\" target=\"_blank\" rel=\"noopener\" data-hveid=\"0\" data-ved=\"0CAAQ_4QMahgKEwimnNzhrpKSAxUAAAAAHQAAAAAQqgM\">https:\/\/artaudpaysagiste.fr<\/a><\/b>.<\/p><p data-path-to-node=\"18\"><b data-path-to-node=\"18\" data-index-in-node=\"0\">Artaud Cl\u00e9ment<\/b>\u00a0s\u2019engage \u00e0 s\u00e9curiser au mieux le site <b data-path-to-node=\"18\" data-index-in-node=\"62\"><a class=\"ng-star-inserted\" href=\"https:\/\/www.google.com\/search?q=https:\/\/artaudpaysagiste.fr\" target=\"_blank\" rel=\"noopener\" data-hveid=\"0\" data-ved=\"0CAAQ_4QMahgKEwimnNzhrpKSAxUAAAAAHQAAAAAQqwM\">https:\/\/artaudpaysagiste.fr<\/a><\/b>, cependant sa responsabilit\u00e9 ne pourra \u00eatre mise en cause si des donn\u00e9es ind\u00e9sirables sont import\u00e9es et install\u00e9es sur son site \u00e0 son insu.<\/p><p data-path-to-node=\"19\">Des espaces interactifs (espace contact ou commentaires) sont \u00e0 la disposition des utilisateurs. <b>Artaud Cl\u00e9ment <\/b>se r\u00e9serve le droit de supprimer, sans mise en demeure pr\u00e9alable, tout contenu d\u00e9pos\u00e9 dans cet espace qui contreviendrait \u00e0 la l\u00e9gislation applicable en France, en particulier aux dispositions relatives \u00e0 la protection des donn\u00e9es.<\/p><p data-path-to-node=\"20\"><b data-path-to-node=\"20\" data-index-in-node=\"0\">4. CNIL et gestion des donn\u00e9es personnelles<\/b><\/p><p data-path-to-node=\"21\">Conform\u00e9ment aux dispositions de la loi 78-17 du 6 janvier 1978 modifi\u00e9e, l\u2019utilisateur du site <b data-path-to-node=\"21\" data-index-in-node=\"96\"><a class=\"ng-star-inserted\" href=\"https:\/\/www.google.com\/search?q=https:\/\/artaudpaysagiste.fr\" target=\"_blank\" rel=\"noopener\" data-hveid=\"0\" data-ved=\"0CAAQ_4QMahgKEwimnNzhrpKSAxUAAAAAHQAAAAAQrAM\">https:\/\/artaudpaysagiste.fr<\/a><\/b> dispose d\u2019un droit d\u2019acc\u00e8s, de modification et de suppression des informations collect\u00e9es. Pour exercer ce droit, envoyez un message \u00e0 notre D\u00e9l\u00e9gu\u00e9 \u00e0 la Protection des Donn\u00e9es : <b>Artaud Cl\u00e9ment<\/b>\u00a0&#8211; <b data-path-to-node=\"21\" data-index-in-node=\"318\">contact@artaudclement.fr<\/b>.<\/p><p data-path-to-node=\"22\">Pour plus d&#8217;informations sur la fa\u00e7on dont nous traitons vos donn\u00e9es (type de donn\u00e9es, finalit\u00e9, destinataire&#8230;), lisez notre https:\/\/complianz.io\/definition\/what-is-a-privacy-statement\/.<\/p><p data-path-to-node=\"23\"><b data-path-to-node=\"23\" data-index-in-node=\"0\">5. Liens hypertextes et cookies<\/b><\/p><p data-path-to-node=\"24\">Le site <b data-path-to-node=\"24\" data-index-in-node=\"8\"><a class=\"ng-star-inserted\" href=\"https:\/\/www.google.com\/search?q=https:\/\/artaudpaysagiste.fr\" target=\"_blank\" rel=\"noopener\" data-hveid=\"0\" data-ved=\"0CAAQ_4QMahgKEwimnNzhrpKSAxUAAAAAHQAAAAAQrQM\">https:\/\/artaudpaysagiste.fr<\/a><\/b> contient des liens hypertextes vers d\u2019autres sites et d\u00e9gage toute responsabilit\u00e9 \u00e0 propos de ces liens externes ou des liens cr\u00e9\u00e9s par d\u2019autres sites vers <b data-path-to-node=\"24\" data-index-in-node=\"192\"><a class=\"ng-star-inserted\" href=\"https:\/\/www.google.com\/search?q=https:\/\/artaudpaysagiste.fr\" target=\"_blank\" rel=\"noopener\" data-hveid=\"0\" data-ved=\"0CAAQ_4QMahgKEwimnNzhrpKSAxUAAAAAHQAAAAAQrgM\">https:\/\/artaudpaysagiste.fr<\/a><\/b>.<\/p><p data-path-to-node=\"25\">La navigation sur le site <b data-path-to-node=\"25\" data-index-in-node=\"26\"><a class=\"ng-star-inserted\" href=\"https:\/\/www.google.com\/search?q=https:\/\/artaudpaysagiste.fr\" target=\"_blank\" rel=\"noopener\" data-hveid=\"0\" data-ved=\"0CAAQ_4QMahgKEwimnNzhrpKSAxUAAAAAHQAAAAAQrwM\">https:\/\/artaudpaysagiste.fr<\/a><\/b> est susceptible de provoquer l\u2019installation de cookie(s) sur l\u2019ordinateur de l\u2019utilisateur.<\/p><p data-path-to-node=\"26\">Pour plus d&#8217;informations sur la gestion des cookies, r\u00e9f\u00e9rez-vous \u00e0 la banni\u00e8re de cookies pr\u00e9sente sur le site.<\/p><p data-path-to-node=\"27\"><b data-path-to-node=\"27\" data-index-in-node=\"0\">6. Droit applicable et attribution de juridiction<\/b><\/p><p data-path-to-node=\"28\">Tout litige en relation avec l\u2019utilisation du site <b data-path-to-node=\"28\" data-index-in-node=\"51\"><a class=\"ng-star-inserted\" href=\"https:\/\/www.google.com\/search?q=https:\/\/artaudpaysagiste.fr\" target=\"_blank\" rel=\"noopener\" data-hveid=\"0\" data-ved=\"0CAAQ_4QMahgKEwimnNzhrpKSAxUAAAAAHQAAAAAQsAM\">https:\/\/artaudpaysagiste.fr<\/a><\/b> est soumis au droit fran\u00e7ais. En dehors des cas o\u00f9 la loi ne le permet pas, il est fait attribution exclusive de juridiction aux tribunaux comp\u00e9tents de <b data-path-to-node=\"28\" data-index-in-node=\"232\">Avignon<\/b>.<\/p>\t\t\t\t\t\t\t\t<\/div>\n\t\t\t\t\t<\/div>\n\t\t\t\t<\/div>\n\t\t\t\t<\/div>\n\t\t","protected":false},"excerpt":{"rendered":"<p>MENTIONS L\u00c9GALES 1. \u00c9dition du site En vertu de l&#8217;article 6 de la loi n\u00b0 2004-575 du 21 juin 2004 pour la confiance dans l&#8217;\u00e9conomie num\u00e9rique, il est pr\u00e9cis\u00e9 aux utilisateurs du site internet https:\/\/artaudpaysagiste.fr l&#8217;identit\u00e9 des diff\u00e9rents intervenants dans le cadre de sa r\u00e9alisation et de son suivi : Propri\u00e9taire du site : Artaud [&hellip;]<\/p>\n","protected":false},"author":2,"featured_media":0,"parent":0,"menu_order":0,"comment_status":"closed","ping_status":"closed","template":"elementor_header_footer","meta":{"footnotes":""},"class_list":["post-397","page","type-page","status-publish","hentry"],"_links":{"self":[{"href":"https:\/\/artaudpaysagiste.fr\/index.php\/wp-json\/wp\/v2\/pages\/397","targetHints":{"allow":["GET"]}}],"collection":[{"href":"https:\/\/artaudpaysagiste.fr\/index.php\/wp-json\/wp\/v2\/pages"}],"about":[{"href":"https:\/\/artaudpaysagiste.fr\/index.php\/wp-json\/wp\/v2\/types\/page"}],"author":[{"embeddable":true,"href":"https:\/\/artaudpaysagiste.fr\/index.php\/wp-json\/wp\/v2\/users\/2"}],"replies":[{"embeddable":true,"href":"https:\/\/artaudpaysagiste.fr\/index.php\/wp-json\/wp\/v2\/comments?post=397"}],"version-history":[{"count":7,"href":"https:\/\/artaudpaysagiste.fr\/index.php\/wp-json\/wp\/v2\/pages\/397\/revisions"}],"predecessor-version":[{"id":404,"href":"https:\/\/artaudpaysagiste.fr\/index.php\/wp-json\/wp\/v2\/pages\/397\/revisions\/404"}],"wp:attachment":[{"href":"https:\/\/artaudpaysagiste.fr\/index.php\/wp-json\/wp\/v2\/media?parent=397"}],"curies":[{"name":"wp","href":"https:\/\/api.w.org\/{rel}","templated":true}]}}